{"id":30,"date":"2019-03-14T21:20:40","date_gmt":"2019-03-14T20:20:40","guid":{"rendered":"http:\/\/iniciativaslocales.es\/m2l\/?page_id=30"},"modified":"2025-10-11T13:26:18","modified_gmt":"2025-10-11T11:26:18","slug":"intervencion-social","status":"publish","type":"page","link":"https:\/\/iniciativaslocales.es\/?page_id=30","title":{"rendered":"Intervenci\u00f3n Social"},"content":{"rendered":"\t\t<div data-elementor-type=\"wp-post\" data-elementor-id=\"30\" class=\"elementor elementor-30\" data-elementor-post-type=\"page\">\n\t\t\t\t\t\t<header class=\"elementor-section elementor-top-section elementor-element elementor-element-e16a9a6 elementor-section-height-min-height elementor-section-stretched elementor-section-boxed elementor-section-height-default elementor-section-items-middle\" data-id=\"e16a9a6\" data-element_type=\"section\" data-e-type=\"section\" data-settings=\"{&quot;background_background&quot;:&quot;classic&quot;,&quot;stretch_section&quot;:&quot;section-stretched&quot;}\">\n\t\t\t\t\t\t\t<div class=\"elementor-background-overlay\"><\/div>\n\t\t\t\t\t\t\t<div class=\"elementor-container elementor-column-gap-no\">\n\t\t\t\t\t<div class=\"elementor-column elementor-col-100 elementor-top-column elementor-element elementor-element-91a5e38\" data-id=\"91a5e38\" data-element_type=\"column\" data-e-type=\"column\">\n\t\t\t<div class=\"elementor-widget-wrap elementor-element-populated\">\n\t\t\t\t\t\t<div class=\"elementor-element elementor-element-e735e11 elementor-widget elementor-widget-heading\" data-id=\"e735e11\" data-element_type=\"widget\" data-e-type=\"widget\" data-widget_type=\"heading.default\">\n\t\t\t\t<div class=\"elementor-widget-container\">\n\t\t\t\t\t<h2 class=\"elementor-heading-title elementor-size-default\">Intervenci\u00f3n Social<\/h2>\t\t\t\t<\/div>\n\t\t\t\t<\/div>\n\t\t\t\t<div class=\"elementor-element elementor-element-1a63fb9 elementor-widget elementor-widget-heading\" data-id=\"1a63fb9\" data-element_type=\"widget\" data-e-type=\"widget\" data-widget_type=\"heading.default\">\n\t\t\t\t<div class=\"elementor-widget-container\">\n\t\t\t\t\t<p class=\"elementor-heading-title elementor-size-default\">Promovemos el cambio social para mejorar la\nsituaci\u00f3n de las personas<\/p>\t\t\t\t<\/div>\n\t\t\t\t<\/div>\n\t\t\t\t\t<\/div>\n\t\t<\/div>\n\t\t\t\t\t<\/div>\n\t\t<\/header>\n\t\t\t\t<section class=\"elementor-section elementor-top-section elementor-element elementor-element-a52cd83 animated-slow elementor-section-boxed elementor-section-height-default elementor-section-height-default elementor-invisible\" data-id=\"a52cd83\" data-element_type=\"section\" data-e-type=\"section\" data-settings=\"{&quot;background_background&quot;:&quot;classic&quot;,&quot;animation&quot;:&quot;fadeIn&quot;,&quot;animation_delay&quot;:500}\">\n\t\t\t\t\t\t<div class=\"elementor-container elementor-column-gap-default\">\n\t\t\t\t\t<div class=\"elementor-column elementor-col-100 elementor-top-column elementor-element elementor-element-475cbd0\" data-id=\"475cbd0\" data-element_type=\"column\" data-e-type=\"column\">\n\t\t\t<div class=\"elementor-widget-wrap elementor-element-populated\">\n\t\t\t\t\t\t<div class=\"elementor-element elementor-element-c177886 elementor-hidden-desktop elementor-hidden-tablet elementor-hidden-phone elementor-widget elementor-widget-shortcode\" data-id=\"c177886\" data-element_type=\"widget\" data-e-type=\"widget\" data-widget_type=\"shortcode.default\">\n\t\t\t\t<div class=\"elementor-widget-container\">\n\t\t\t\t\t\t\t<div class=\"elementor-shortcode\"><style type=\"text\/css\">\n.nav-ul li a, .nav-ul .caret svg {\r\ncolor: #FFF;\r\n}\r\n.row .primary-menu-ul .sub-menu li {\r\n    background-color: #404248;\r\n\tborder-color: none;\r\n\tborder: 0px;\r\n}\r\n.navbar-toggle .icon-bar {\r\n    background-color: #fff;\r\n}\r\n.hfg_header .header-main-inner {\r\n    background-color: rgba(0,0,0,0);\r\n}\r\n.builder-item--primary-menu .nav-menu-primary > .primary-menu-ul li > a .caret-wrap svg, .builder-item--primary-menu .nav-menu-primary > .primary-menu-ul li > .amp-caret-wrap svg {\r\n    fill: #fff;\r\n}\r\n.builder-item--primary-menu > .nv-nav-wrap > .nav-menu-primary > ul.primary-menu-ul li > a, .builder-item--primary-menu > .nv-nav-wrap > .nav-menu-primary > ul.primary-menu-ul li > a .caret-wrap .caret {\r\n    color: #fff;\r\n}\r\n.header--row-inner.dark-mode .sub-menu {\r\n    border-color: #333;\r\n\tbackground-color: #24292e;\r\n}\r\n.header--row-inner.dark-mode .sub-menu li {\r\n\tborder-color: #333;\r\n}\r\n@media (max-width: 950px) {\r\n.builder-item--primary-menu > .nv-nav-wrap > .nav-menu-primary > ul.primary-menu-ul li:not(.woocommerce-mini-cart-item) > a, .builder-item--primary-menu > .nv-nav-wrap > .nav-menu-primary > ul.primary-menu-ul li > a .caret-wrap .caret {\r\n    color: #000;\r\n}\r\n.builder-item--primary-menu > .nv-nav-wrap > .nav-menu-primary > ul.primary-menu-ul li > a .caret-wrap .caret {\r\n    color: #000;\r\n}\r\n.builder-item--primary-menu .nav-menu-primary > .primary-menu-ul li > a .caret-wrap svg, .builder-item--primary-menu .nav-menu-primary > .primary-menu-ul li > .amp-caret-wrap svg {\r\n    fill: #000;\r\n}\r\n}\n<\/style><\/div>\n\t\t\t\t\t\t<\/div>\n\t\t\t\t<\/div>\n\t\t\t\t<div class=\"elementor-element elementor-element-b5ff1ec elementor-widget elementor-widget-text-editor\" data-id=\"b5ff1ec\" data-element_type=\"widget\" data-e-type=\"widget\" data-widget_type=\"text-editor.default\">\n\t\t\t\t<div class=\"elementor-widget-container\">\n\t\t\t\t\t\t\t\t\t<p><strong>En el \u00e1rea social nuestro trabajo se dirige a la promoci\u00f3n e integraci\u00f3n social de personas y colectivos con necesidades espec\u00edficas. Entre los beneficiarios potenciales de nuestros programas destacan: menores y j\u00f3venes en riesgo de exclusi\u00f3n social, mujeres v\u00edctimas de violencia de g\u00e9nero, familias en el umbral de la pobreza, personas mayores, discapacitados e inmigrantes.<\/strong><\/p>\n<p>Como empresa con fuerte vocaci\u00f3n de intervenci\u00f3n social, no somos ajenos a la realidad socioecon\u00f3mica de nuestro entorno. La mayor\u00eda de los servicios que realizamos confluyen, de una manera u otra, con sectores de la poblaci\u00f3n con dificultades de distinta \u00edndole.<\/p>\n<p>Tomando como punto de partida el conocimiento previo de las necesidades reales de la poblaci\u00f3n, en general, o de un colectivo concreto objeto de atenci\u00f3n, se relacionan a continuaci\u00f3n algunos de los servicios que puede prestar nuestra empresa, bien a trav\u00e9s del desarrollo de proyectos de intervenci\u00f3n de car\u00e1cter temporal o mediante la gesti\u00f3n de Centros o Servicios permanentes.<\/p>\t\t\t\t\t\t\t\t<\/div>\n\t\t\t\t<\/div>\n\t\t\t\t\t<\/div>\n\t\t<\/div>\n\t\t\t\t\t<\/div>\n\t\t<\/section>\n\t\t\t\t<section class=\"elementor-section elementor-top-section elementor-element elementor-element-9edfc3f elementor-section-stretched elementor-section-height-min-height animated-slow elementor-section-boxed elementor-section-height-default elementor-section-items-middle elementor-invisible\" data-id=\"9edfc3f\" data-element_type=\"section\" data-e-type=\"section\" data-settings=\"{&quot;stretch_section&quot;:&quot;section-stretched&quot;,&quot;background_background&quot;:&quot;classic&quot;,&quot;animation&quot;:&quot;fadeInUp&quot;,&quot;animation_delay&quot;:500}\">\n\t\t\t\t\t\t<div class=\"elementor-container elementor-column-gap-extended\">\n\t\t\t\t\t<div class=\"elementor-column elementor-col-100 elementor-top-column elementor-element elementor-element-5f2d354\" data-id=\"5f2d354\" data-element_type=\"column\" data-e-type=\"column\">\n\t\t\t<div class=\"elementor-widget-wrap elementor-element-populated\">\n\t\t\t\t\t\t<div class=\"elementor-element elementor-element-c52bf8b elementor-widget elementor-widget-heading\" data-id=\"c52bf8b\" data-element_type=\"widget\" data-e-type=\"widget\" data-widget_type=\"heading.default\">\n\t\t\t\t<div class=\"elementor-widget-container\">\n\t\t\t\t\t<h2 class=\"elementor-heading-title elementor-size-default\">Servicios que prestamos\u00a0en este \u00e1mbito<\/h2>\t\t\t\t<\/div>\n\t\t\t\t<\/div>\n\t\t\t\t<section class=\"elementor-section elementor-inner-section elementor-element elementor-element-529c609 elementor-section-full_width elementor-section-height-default elementor-section-height-default\" data-id=\"529c609\" data-element_type=\"section\" data-e-type=\"section\">\n\t\t\t\t\t\t<div class=\"elementor-container elementor-column-gap-extended\">\n\t\t\t\t\t<div class=\"elementor-column elementor-col-50 elementor-inner-column elementor-element elementor-element-2984233\" data-id=\"2984233\" data-element_type=\"column\" data-e-type=\"column\">\n\t\t\t<div class=\"elementor-widget-wrap elementor-element-populated\">\n\t\t\t\t\t\t<div class=\"elementor-element elementor-element-10368bb elementor-widget elementor-widget-text-editor\" data-id=\"10368bb\" data-element_type=\"widget\" data-e-type=\"widget\" data-widget_type=\"text-editor.default\">\n\t\t\t\t<div class=\"elementor-widget-container\">\n\t\t\t\t\t\t\t\t\t<p><i class=\"far fa-check-circle\" style=\"color: #23a455;\" aria-hidden=\"true\"><\/i> Programas dirigidos a la integraci\u00f3n social de colectivos espec\u00edficos (inmigrantes, discapacitados, colectivos en riesgo de exclusi\u00f3n\u2026): atenci\u00f3n social, formaci\u00f3n, mediaci\u00f3n, orientaci\u00f3n, informaci\u00f3n y asesoramiento<\/p><p><i class=\"far fa-check-circle\" style=\"color: #23a455;\" aria-hidden=\"true\"><\/i> Servicios de Educaci\u00f3n Social.<\/p><p><i class=\"far fa-check-circle\" style=\"color: #23a455;\" aria-hidden=\"true\"><\/i> Gesti\u00f3n de Centros de D\u00eda.<\/p><p><i class=\"far fa-check-circle\" style=\"color: #23a455;\" aria-hidden=\"true\"><\/i> Servicios de atenci\u00f3n a familias.<\/p><p><i class=\"far fa-check-circle\" style=\"color: #23a455;\" aria-hidden=\"true\"><\/i> Formaci\u00f3n de mediadores y voluntariado social.<\/p><p><i class=\"far fa-check-circle\" style=\"color: #23a455;\" aria-hidden=\"true\"><\/i> Programas de prevenci\u00f3n de drogodependencias y educaci\u00f3n para la salud.<\/p>\t\t\t\t\t\t\t\t<\/div>\n\t\t\t\t<\/div>\n\t\t\t\t\t<\/div>\n\t\t<\/div>\n\t\t\t\t<div class=\"elementor-column elementor-col-50 elementor-inner-column elementor-element elementor-element-fa0f692\" data-id=\"fa0f692\" data-element_type=\"column\" data-e-type=\"column\">\n\t\t\t<div class=\"elementor-widget-wrap elementor-element-populated\">\n\t\t\t\t\t\t<div class=\"elementor-element elementor-element-3c91966 elementor-widget elementor-widget-text-editor\" data-id=\"3c91966\" data-element_type=\"widget\" data-e-type=\"widget\" data-widget_type=\"text-editor.default\">\n\t\t\t\t<div class=\"elementor-widget-container\">\n\t\t\t\t\t\t\t\t\t<p><i class=\"far fa-check-circle\" style=\"color: #23a455;\" aria-hidden=\"true\"><\/i> Gesti\u00f3n de Servicios de Inserci\u00f3n Laboral de colectivos desfavorecidos<\/p><p><i class=\"far fa-check-circle\" style=\"color: #23a455;\" aria-hidden=\"true\"><\/i> Programas de uso alternativo del tiempo libre<\/p><p><i class=\"far fa-check-circle\" style=\"color: #23a455;\" aria-hidden=\"true\"><\/i> Programas de terapia ocupacional, de atenci\u00f3n psicol\u00f3gica y de trabajo social.<\/p><p><i class=\"far fa-check-circle\" style=\"color: #23a455;\" aria-hidden=\"true\"><\/i> Talleres para la igualdad y contra la violencia de g\u00e9nero.<\/p><p><i class=\"far fa-check-circle\" style=\"color: #23a455;\" aria-hidden=\"true\"><\/i> Programas de Gerontogimnasia y Fisioterapia para personas mayores.<\/p>\t\t\t\t\t\t\t\t<\/div>\n\t\t\t\t<\/div>\n\t\t\t\t\t<\/div>\n\t\t<\/div>\n\t\t\t\t\t<\/div>\n\t\t<\/section>\n\t\t\t\t\t<\/div>\n\t\t<\/div>\n\t\t\t\t\t<\/div>\n\t\t<\/section>\n\t\t\t\t<section class=\"elementor-section elementor-top-section elementor-element elementor-element-482b875 elementor-section-height-min-height elementor-section-boxed elementor-section-height-default elementor-section-items-middle\" data-id=\"482b875\" data-element_type=\"section\" data-e-type=\"section\" data-settings=\"{&quot;background_background&quot;:&quot;classic&quot;}\">\n\t\t\t\t\t\t\t<div class=\"elementor-background-overlay\"><\/div>\n\t\t\t\t\t\t\t<div class=\"elementor-container elementor-column-gap-default\">\n\t\t\t\t\t<div class=\"elementor-column elementor-col-100 elementor-top-column elementor-element elementor-element-6ab22ec\" data-id=\"6ab22ec\" data-element_type=\"column\" data-e-type=\"column\">\n\t\t\t<div class=\"elementor-widget-wrap\">\n\t\t\t\t\t\t\t<\/div>\n\t\t<\/div>\n\t\t\t\t\t<\/div>\n\t\t<\/section>\n\t\t\t\t<section class=\"elementor-section elementor-top-section elementor-element elementor-element-9a5a31f animated-slow elementor-section-boxed elementor-section-height-default elementor-section-height-default elementor-invisible\" data-id=\"9a5a31f\" data-element_type=\"section\" data-e-type=\"section\" data-settings=\"{&quot;background_background&quot;:&quot;classic&quot;,&quot;animation&quot;:&quot;fadeInUp&quot;,&quot;animation_delay&quot;:500}\">\n\t\t\t\t\t\t<div class=\"elementor-container elementor-column-gap-default\">\n\t\t\t\t\t<div class=\"elementor-column elementor-col-100 elementor-top-column elementor-element elementor-element-abbb60e\" data-id=\"abbb60e\" data-element_type=\"column\" data-e-type=\"column\">\n\t\t\t<div class=\"elementor-widget-wrap elementor-element-populated\">\n\t\t\t\t\t\t<div class=\"elementor-element elementor-element-0e9c26f elementor-widget elementor-widget-heading\" data-id=\"0e9c26f\" data-element_type=\"widget\" data-e-type=\"widget\" data-widget_type=\"heading.default\">\n\t\t\t\t<div class=\"elementor-widget-container\">\n\t\t\t\t\t<h2 class=\"elementor-heading-title elementor-size-default\">Algunos trabajos desarrollados por la empresa<\/h2>\t\t\t\t<\/div>\n\t\t\t\t<\/div>\n\t\t\t\t<div class=\"elementor-element elementor-element-09d7dae elementor-widget elementor-widget-text-editor\" data-id=\"09d7dae\" data-element_type=\"widget\" data-e-type=\"widget\" data-widget_type=\"text-editor.default\">\n\t\t\t\t<div class=\"elementor-widget-container\">\n\t\t\t\t\t\t\t\t\t<p><i class=\"far fa-check-circle\" style=\"color: #23a455;\" aria-hidden=\"true\"><\/i> Desarrollo de diversos programas de prevenci\u00f3n de drogodependencias dirigidos a adolescentes y j\u00f3venes, trabajo realizado para distintos Ayuntamientos y Mancomunidades de Servicios Sociales (Mancomunidad de Servicios Sociales del Noroeste, Mancomunidad de Servicios Sociales de la Comarca Oriental, Ayuntamientos de Murcia, Yecla, Puerto Lumbreras, Librilla, Cieza, Las Torres de Cotillas, Jumilla, San Pedro del Pinatar, etc.)<\/p><p><i class=\"far fa-check-circle\" style=\"color: #23a455;\" aria-hidden=\"true\"><\/i> Programas de Igualdad de Oportunidades entre hombres y mujeres para Ayuntamientos y Asociaciones (realizados en Los Alc\u00e1zares, Ceheg\u00edn, Albudeite, Calasparra, Yecla, Caravaca, Lorca, Ulea, \u2026)<\/p><p><i class=\"far fa-check-circle\" style=\"color: #23a455;\" aria-hidden=\"true\"><\/i> Programas de Atenci\u00f3n Social dirigidos a Inmigrantes para los Ayuntamientos de Jumilla, Yecla, Puerto Lumbreras, Mazarr\u00f3n, Librilla,\u2026<\/p><p><i class=\"far fa-check-circle\" style=\"color: #23a455;\" aria-hidden=\"true\"><\/i> Servicio de Realizaci\u00f3n del Programa de Competencia Social para el Ayuntamiento de Murcia.<\/p>\t\t\t\t\t\t\t\t<\/div>\n\t\t\t\t<\/div>\n\t\t\t\t<div class=\"elementor-element elementor-element-0adc7d4 elementor-widget elementor-widget-shortcode\" data-id=\"0adc7d4\" data-element_type=\"widget\" data-e-type=\"widget\" data-widget_type=\"shortcode.default\">\n\t\t\t\t<div class=\"elementor-widget-container\">\n\t\t\t\t\t\t\t<div class=\"elementor-shortcode\">\t\t<div data-elementor-type=\"wp-post\" data-elementor-id=\"1427\" class=\"elementor elementor-1427\" data-elementor-post-type=\"ae_global_templates\">\n\t\t\t\t\t\t<section class=\"elementor-section elementor-top-section elementor-element elementor-element-b07e107 elementor-section-full_width elementor-section-height-default elementor-section-height-default\" data-id=\"b07e107\" data-element_type=\"section\" data-e-type=\"section\">\n\t\t\t\t\t\t<div class=\"elementor-container elementor-column-gap-default\">\n\t\t\t\t\t<div class=\"elementor-column elementor-col-50 elementor-top-column elementor-element elementor-element-48ef6e3\" data-id=\"48ef6e3\" data-element_type=\"column\" data-e-type=\"column\">\n\t\t\t<div class=\"elementor-widget-wrap elementor-element-populated\">\n\t\t\t\t\t\t<div class=\"elementor-element elementor-element-24d3db8 elementor-widget elementor-widget-heading\" data-id=\"24d3db8\" data-element_type=\"widget\" data-e-type=\"widget\" data-widget_type=\"heading.default\">\n\t\t\t\t<div class=\"elementor-widget-container\">\n\t\t\t\t\t<h2 class=\"elementor-heading-title elementor-size-default\">Otros TRABAJOS REALIZADOS<\/h2>\t\t\t\t<\/div>\n\t\t\t\t<\/div>\n\t\t\t\t<div class=\"elementor-element elementor-element-7fb9061 elementor-widget elementor-widget-text-editor\" data-id=\"7fb9061\" data-element_type=\"widget\" data-e-type=\"widget\" data-widget_type=\"text-editor.default\">\n\t\t\t\t<div class=\"elementor-widget-container\">\n\t\t\t\t\t\t\t\t\t<p><i class=\"far fa-check-circle\" style=\"color: #23a455;\" aria-hidden=\"true\"><\/i> Servicio de Intervenci\u00f3n Educativa con Familias, en el Municipio de Yecla.<\/p><p><i class=\"far fa-check-circle\" style=\"color: #23a455;\" aria-hidden=\"true\"><\/i> Realizaci\u00f3n de diversos Programas de Formaci\u00f3n de Mediadores en Prevenci\u00f3n de Drogodependencias para la Consejer\u00eda de Sanidad durante varios a\u00f1os.<\/p><p><i class=\"far fa-check-circle\" style=\"color: #23a455;\" aria-hidden=\"true\"><\/i> Cursos de Formaci\u00f3n y Talleres diversos para Centros de la Mujer y Centros Sociales de Mayores del Municipio de Murcia.<\/p><p><i class=\"far fa-check-circle\" style=\"color: #23a455;\" aria-hidden=\"true\"><\/i> Servicio de Programas de Mejora de la Calidad Cognitiva y Ocupacional y de Animaci\u00f3n Sociocultural en la Residencia Psicogeri\u00e1trica Virgen del Valle de El Palmar, para el Instituto Murciano de Acci\u00f3n Social.<\/p><p><i class=\"far fa-check-circle\" style=\"color: #23a455;\" aria-hidden=\"true\"><\/i> Servicio de Cursos de Formaci\u00f3n de Gerontogimnasia para 75 Centros Sociales de Mayores del Municipio de Murcia.<\/p><p><i class=\"far fa-check-circle\" style=\"color: #23a455;\" aria-hidden=\"true\"><\/i> Servicio de Prevenci\u00f3n de la exclusi\u00f3n infantil y juvenil en Yecla: \u201cEducar en la calle\u201d.<\/p><p><i class=\"far fa-check-circle\" style=\"color: #23a455;\" aria-hidden=\"true\"><\/i> Atenci\u00f3n telef\u00f3nica del tel\u00e9fono 901 de atenci\u00f3n a la mujer v\u00edctima de la violencia de g\u00e9nero, para la Direcci\u00f3n General de Prevenci\u00f3n de la Violencia de G\u00e9nero de la CARM.<\/p><p><i class=\"far fa-check-circle\" style=\"color: #23a455;\" aria-hidden=\"true\"><\/i> Elaboraci\u00f3n del Plan Mancomunado de Prevenci\u00f3n de Drogodependencias de la Mancomunidad de la Comarca Oriental y de los Planes Municipales de Prevenci\u00f3n de Drogodependencias de los Ayuntamientos de Las Torres de Cotillas, Puerto Lumbreras, Alguazas, San Pedro del Pinatar.<\/p>\t\t\t\t\t\t\t\t<\/div>\n\t\t\t\t<\/div>\n\t\t\t\t\t<\/div>\n\t\t<\/div>\n\t\t\t\t<div class=\"elementor-column elementor-col-50 elementor-top-column elementor-element elementor-element-eef976a\" data-id=\"eef976a\" data-element_type=\"column\" data-e-type=\"column\">\n\t\t\t<div class=\"elementor-widget-wrap elementor-element-populated\">\n\t\t\t\t\t\t<div class=\"elementor-element elementor-element-d8a35aa elementor-widget elementor-widget-text-editor\" data-id=\"d8a35aa\" data-element_type=\"widget\" data-e-type=\"widget\" data-widget_type=\"text-editor.default\">\n\t\t\t\t<div class=\"elementor-widget-container\">\n\t\t\t\t\t\t\t\t\t<p><i class=\"far fa-check-circle\" style=\"color: #23a455;\" aria-hidden=\"true\"><\/i> Servicio de Asistencia para el Desarrollo de Programas de Servicios Sociales para el Ayuntamiento de Alguazas.<br \/><br \/><i class=\"far fa-check-circle\" style=\"color: #23a455;\" aria-hidden=\"true\"><\/i> Plan de Formaci\u00f3n para Cuidadores Informales de Personas Mayores con Necesidades Especiales de Atenci\u00f3n Personal para el Ayuntamiento de Murcia.<br \/><br \/><i class=\"far fa-check-circle\" style=\"color: #23a455;\" aria-hidden=\"true\"><\/i>Servicio de asesoramiento jur\u00eddico online en la web www.cavis.es, para la Direcci\u00f3n General de Prevenci\u00f3n de la Violencia de G\u00e9nero de la CARM.<br \/><br \/><i class=\"far fa-check-circle\" style=\"color: #23a455;\" aria-hidden=\"true\"><\/i> Servicio de Actividades Socioeducativas con J\u00f3venes Desfavorecidos, Proyecto Mueve-T, para el Ayuntamiento de Cartagena.<br \/><br \/><i class=\"far fa-check-circle\" style=\"color: #23a455;\" aria-hidden=\"true\"><\/i> Servicio de refuerzo de profesionales para la Atenci\u00f3n a la Dependencia (Trabajador Social) para el Ayuntamiento de Alguazas.<br \/><br \/><i class=\"far fa-check-circle\" style=\"color: #23a455;\" aria-hidden=\"true\"><\/i> Servicio de Fisioterapia para Centros Sociales de Mayores del Municipio de Murcia.<br \/><br \/><i class=\"far fa-check-circle\" style=\"color: #23a455;\" aria-hidden=\"true\"><\/i> Servicio m\u00f3vil de atenci\u00f3n integral a mujeres v\u00edctimas de violencia de g\u00e9nero del medio rural, para la Direcci\u00f3n General de Prevenci\u00f3n de la Violencia de G\u00e9nero de la CARM.<br \/><br \/><i class=\"far fa-check-circle\" style=\"color: #23a455;\" aria-hidden=\"true\"><\/i> Programa de Capacitaci\u00f3n y Promoci\u00f3n para la Integraci\u00f3n Socio-laboral de personas en situaci\u00f3n de Exclusi\u00f3n Social, para el Ayuntamiento de Murcia.<\/p>\t\t\t\t\t\t\t\t<\/div>\n\t\t\t\t<\/div>\n\t\t\t\t\t<\/div>\n\t\t<\/div>\n\t\t\t\t\t<\/div>\n\t\t<\/section>\n\t\t\t\t<\/div>\n\t\t<\/div>\n\t\t\t\t\t\t<\/div>\n\t\t\t\t<\/div>\n\t\t\t\t\t<\/div>\n\t\t<\/div>\n\t\t\t\t\t<\/div>\n\t\t<\/section>\n\t\t\t\t<section class=\"elementor-section elementor-top-section elementor-element elementor-element-1fd0404 elementor-section-height-min-height elementor-section-stretched elementor-section-full_width animated-slow elementor-section-height-default elementor-section-items-middle elementor-invisible\" data-id=\"1fd0404\" data-element_type=\"section\" data-e-type=\"section\" data-settings=\"{&quot;background_background&quot;:&quot;classic&quot;,&quot;stretch_section&quot;:&quot;section-stretched&quot;,&quot;animation&quot;:&quot;fadeIn&quot;,&quot;animation_delay&quot;:600}\">\n\t\t\t\t\t\t\t<div class=\"elementor-background-overlay\"><\/div>\n\t\t\t\t\t\t\t<div class=\"elementor-container elementor-column-gap-default\">\n\t\t\t\t\t<div class=\"elementor-column elementor-col-100 elementor-top-column elementor-element elementor-element-bb3bb6c\" data-id=\"bb3bb6c\" data-element_type=\"column\" data-e-type=\"column\">\n\t\t\t<div class=\"elementor-widget-wrap\">\n\t\t\t\t\t\t\t<\/div>\n\t\t<\/div>\n\t\t\t\t\t<\/div>\n\t\t<\/section>\n\t\t\t\t<\/div>\n\t\t","protected":false},"excerpt":{"rendered":"<p>Intervenci\u00f3n Social Promovemos el cambio social para mejorar la situaci\u00f3n de las personas En el \u00e1rea social nuestro trabajo se dirige a la promoci\u00f3n e integraci\u00f3n social de personas y colectivos con necesidades espec\u00edficas. Entre los beneficiarios potenciales de nuestros programas destacan: menores y j\u00f3venes en riesgo de exclusi\u00f3n social, mujeres v\u00edctimas de violencia de&hellip;&nbsp;<a href=\"https:\/\/iniciativaslocales.es\/?page_id=30\" rel=\"bookmark\">Leer m\u00e1s &raquo;<span class=\"screen-reader-text\">Intervenci\u00f3n Social<\/span><\/a><\/p>\n","protected":false},"author":1,"featured_media":0,"parent":0,"menu_order":3,"comment_status":"closed","ping_status":"closed","template":"page-templates\/template-pagebuilder-full-width.php","meta":{"neve_meta_sidebar":"","neve_meta_container":"","neve_meta_enable_content_width":"","neve_meta_content_width":0,"neve_meta_title_alignment":"","neve_meta_author_avatar":"","neve_post_elements_order":"","neve_meta_disable_header":"","neve_meta_disable_footer":"","neve_meta_disable_title":"","footnotes":""},"class_list":["post-30","page","type-page","status-publish","hentry"],"aioseo_notices":[],"_links":{"self":[{"href":"https:\/\/iniciativaslocales.es\/index.php?rest_route=\/wp\/v2\/pages\/30","targetHints":{"allow":["GET"]}}],"collection":[{"href":"https:\/\/iniciativaslocales.es\/index.php?rest_route=\/wp\/v2\/pages"}],"about":[{"href":"https:\/\/iniciativaslocales.es\/index.php?rest_route=\/wp\/v2\/types\/page"}],"author":[{"embeddable":true,"href":"https:\/\/iniciativaslocales.es\/index.php?rest_route=\/wp\/v2\/users\/1"}],"replies":[{"embeddable":true,"href":"https:\/\/iniciativaslocales.es\/index.php?rest_route=%2Fwp%2Fv2%2Fcomments&post=30"}],"version-history":[{"count":48,"href":"https:\/\/iniciativaslocales.es\/index.php?rest_route=\/wp\/v2\/pages\/30\/revisions"}],"predecessor-version":[{"id":3383,"href":"https:\/\/iniciativaslocales.es\/index.php?rest_route=\/wp\/v2\/pages\/30\/revisions\/3383"}],"wp:attachment":[{"href":"https:\/\/iniciativaslocales.es\/index.php?rest_route=%2Fwp%2Fv2%2Fmedia&parent=30"}],"curies":[{"name":"wp","href":"https:\/\/api.w.org\/{rel}","templated":true}]}}